

{"id":35,"date":"2014-11-05T17:56:38","date_gmt":"2014-11-05T15:56:38","guid":{"rendered":"http:\/\/www.landhaus-wanger.at\/?page_id=35"},"modified":"2023-02-27T12:35:06","modified_gmt":"2023-02-27T10:35:06","slug":"landhaus-wanger","status":"publish","type":"page","link":"https:\/\/www.landhaus-wanger.at\/it\/unterkuenfte\/villetta-wanger\/","title":{"rendered":"Villetta Wanger \u2013 La tradizione austriaca con un pizzico di lusso"},"content":{"rendered":"<p>In perfetto stile tradizionale austriaco, camere arredate con gusto e piacevole aroma di pino al suo interno. Questa \u00e8 la nostra Villetta Wanger. A pochi passi dal centro di Neukirchen am Gro\u00dfvenediger, con ben 150 m2 di spazio, balcone e giardino, \u00e8 la soluzione ideale per un massimo di 8 persone alla ricerca della tranquillit\u00e0 e dell\u2019indipendenza. Se preferite lasciare la vostra vettura in garage durante le vacanze, sarete felici di poter raggiungere a piedi la stazione sciistica ed i vari bar, ristoranti e supermercati che offre il paese.<\/p>\n<p>Questo cottage romantico offre al piano terra<\/p>\n<ul>\n<li>un ingresso indipendente con guardaroba,<\/li>\n<li>una piccola e ricercata cucina con fornelli e forno, lavastoviglie, frigorifero, macchina per il caff\u00e8, bollitore e forno a microonde,<\/li>\n<li>un&#8217;accogliente sala da pranzo con pareti rivestite in legno di pino profumato,<\/li>\n<li>un ampio soggiorno con angolo cottura, divano letto, TV via cavo, lettore CD e accesso alla splendida terrazza,<\/li>\n<li>un bagno con vasca idromassaggio, doccia, lavabo e bidet,<\/li>\n<li>una toilette separata.<\/li>\n<\/ul>\n<p>Attraverso la scala di legno, si accede alla zone notte situata al primo piano, dove si pu\u00f2 scegliere tra<\/p>\n<ul>\n<li>una grande camera da letto matrimoniale, con armadio a muro, piccolo divano ed ingresso sul grande balcone esposto a Sud,<\/li>\n<li>altre due\u00a0camere matrimoniali, pi\u00f9 piccole ma accoglienti allo stesso modo,<\/li>\n<li>una camera singola,<\/li>\n<li>un secondo bagno con doccia, lavabo e WC.<\/li>\n<\/ul>\n<p>Comodo parcheggio nel vialetto di casa e Wi-Fi a disposizione per tutta la durata del vostro soggiorno. Il panettiere del nostro villaggio sar\u00e0 lieto di farvi trovare colazione e pane fresco ogni mattina alla porta d\u2019ingresso.<\/p>\n<p>Concedetevi il massimo delle comodit\u00e0, godendovi la vostra meritata vacanza con noi, immersi nella natura, a casa, con le persone amate.<\/p>\n","protected":false},"excerpt":{"rendered":"In perfetto stile tradizionale austriaco, camere arredate con gusto e piacevole aroma di pino al suo interno. Questa \u00e8 la nostra Villetta Wanger. A pochi passi dal centro di Neukirchen am Gro\u00dfvenediger, con ben 150 m2 di spazio, balcone e giardino, \u00e8 la soluzione ideale per un massimo di 8 persone alla ricerca della tranquillit\u00e0&#8230; <a class=\"view-article\" href=\"https:\/\/www.landhaus-wanger.at\/it\/unterkuenfte\/villetta-wanger\/\">Mostra articolo<\/a>","protected":false},"author":2,"featured_media":175,"parent":229,"menu_order":2,"comment_status":"open","ping_status":"closed","template":"template-unterkunft.php","meta":{"_acf_changed":false,"footnotes":""},"class_list":["post-35","page","type-page","status-publish","has-post-thumbnail","hentry"],"acf":[],"_links":{"self":[{"href":"https:\/\/www.landhaus-wanger.at\/it\/wp-json\/wp\/v2\/pages\/35","targetHints":{"allow":["GET"]}}],"collection":[{"href":"https:\/\/www.landhaus-wanger.at\/it\/wp-json\/wp\/v2\/pages"}],"about":[{"href":"https:\/\/www.landhaus-wanger.at\/it\/wp-json\/wp\/v2\/types\/page"}],"author":[{"embeddable":true,"href":"https:\/\/www.landhaus-wanger.at\/it\/wp-json\/wp\/v2\/users\/2"}],"replies":[{"embeddable":true,"href":"https:\/\/www.landhaus-wanger.at\/it\/wp-json\/wp\/v2\/comments?post=35"}],"version-history":[{"count":3,"href":"https:\/\/www.landhaus-wanger.at\/it\/wp-json\/wp\/v2\/pages\/35\/revisions"}],"predecessor-version":[{"id":1706,"href":"https:\/\/www.landhaus-wanger.at\/it\/wp-json\/wp\/v2\/pages\/35\/revisions\/1706"}],"up":[{"embeddable":true,"href":"https:\/\/www.landhaus-wanger.at\/it\/wp-json\/wp\/v2\/pages\/229"}],"wp:featuredmedia":[{"embeddable":true,"href":"https:\/\/www.landhaus-wanger.at\/it\/wp-json\/wp\/v2\/media\/175"}],"wp:attachment":[{"href":"https:\/\/www.landhaus-wanger.at\/it\/wp-json\/wp\/v2\/media?parent=35"}],"curies":[{"name":"wp","href":"https:\/\/api.w.org\/{rel}","templated":true}]}}