

{"id":32,"date":"2014-11-05T17:55:00","date_gmt":"2014-11-05T15:55:00","guid":{"rendered":"http:\/\/www.landhaus-wanger.at\/?page_id=32"},"modified":"2023-02-27T10:21:18","modified_gmt":"2023-02-27T08:21:18","slug":"ferienwohnungen-wanger","status":"publish","type":"page","link":"https:\/\/www.landhaus-wanger.at\/it\/unterkuenfte\/appartamenti-wanger\/","title":{"rendered":"Appartamenti Wanger \u2013 Natura e relax per la vostra vacanza"},"content":{"rendered":"<p>I nostri appartamenti offrono un\u2019accogliente sistemazione a Neukirchen am Gro\u00dfvenediger, tipico paese alpino circondato dalle montagne del parco nazionale dell\u2019Hohe Tauern. Vicini alle attrazioni del centro ma protetti dai rumori, gli appartamenti rappresentano l\u2019ideale per tutti coloro che amano essere svegliati la mattina dal canto degli uccelli, le lunghe passeggiate tra boschi e prati, e trascorrere le calde serate estive rilassandosi con la vista offerta dall\u2019ampio balcone. Ma soprattutto sono perfetti per tutti gli appassionati di sport invernali, sciatori e snowboarder che vogliono raggiungere casa direttamente dal fine pista in soli 2 minuti a piedi, con scarponi e attrezzatura in spalla.<\/p>\n<p>Tutti e tre appartamenti sono composti da<\/p>\n<ul>\n<li>soggiorno e zona notte separata,<\/li>\n<li>cucina,<\/li>\n<li>bagno con WC separato,<\/li>\n<li>balcone esposto a Sud, da cui si pu\u00f2 godere una splendida vista sulle montagne dell\u2019Hohe Tauern,<\/li>\n<li>internet e TV via cavo.<\/li>\n<\/ul>\n<p>Nel foyer al piano terra della casa \u00e8 disponibile un asciugatore per scarpe e scarponi, in modo da poterle ritrovare gi\u00e0 asciutte e riscaldate anche nelle mattine pi\u00f9 fredde.<\/p>\n<p>Ciclisti, appassionati di mountain bike e amanti del giro dei monti Tauern sono da noi sempre i benvenuti.<br \/>\nLe vostre bici saranno custodite in un sicuro parcheggio, cos\u00ec come le vostre automobili.<\/p>\n<p>&#8220;<a title=\"Appartamento \u201cdas Kleine\u201d \u2013 Per 2-3 persone\" href=\"https:\/\/www.landhaus-wanger.at\/it\/appartements\/appartamento-klein\/\">Das Kleine<\/a>&#8220;, &#8220;<a title=\"Appartamento \u201cDas Mittlere\u201d \u2013 Per 2-4 persone\" href=\"https:\/\/www.landhaus-wanger.at\/it\/appartements\/appartamento-das-mittlere\/\">Das Mittlere<\/a>&#8221;\u00a0o &#8220;<a title=\"Appartamento \u201cDas Gro\u00dfe\u201d \u2013 Per 4-6 persone\" href=\"https:\/\/www.landhaus-wanger.at\/it\/appartements\/appartamento-das-grosse\/\">Das Gro\u00dfe<\/a>&#8220;\u2026 Quale appartamento fa per voi?\u00a0\ud83d\ude42<\/p>\n","protected":false},"excerpt":{"rendered":"I nostri appartamenti offrono un\u2019accogliente sistemazione a Neukirchen am Gro\u00dfvenediger, tipico paese alpino circondato dalle montagne del parco nazionale dell\u2019Hohe Tauern. Vicini alle attrazioni del centro ma protetti dai rumori, gli appartamenti rappresentano l\u2019ideale per tutti coloro che amano essere svegliati la mattina dal canto degli uccelli, le lunghe passeggiate tra boschi e prati, e&#8230; <a class=\"view-article\" href=\"https:\/\/www.landhaus-wanger.at\/it\/unterkuenfte\/appartamenti-wanger\/\">Mostra articolo<\/a>","protected":false},"author":2,"featured_media":0,"parent":229,"menu_order":1,"comment_status":"open","ping_status":"closed","template":"template-unterkunft.php","meta":{"_acf_changed":false,"footnotes":""},"class_list":["post-32","page","type-page","status-publish","hentry"],"acf":[],"_links":{"self":[{"href":"https:\/\/www.landhaus-wanger.at\/it\/wp-json\/wp\/v2\/pages\/32","targetHints":{"allow":["GET"]}}],"collection":[{"href":"https:\/\/www.landhaus-wanger.at\/it\/wp-json\/wp\/v2\/pages"}],"about":[{"href":"https:\/\/www.landhaus-wanger.at\/it\/wp-json\/wp\/v2\/types\/page"}],"author":[{"embeddable":true,"href":"https:\/\/www.landhaus-wanger.at\/it\/wp-json\/wp\/v2\/users\/2"}],"replies":[{"embeddable":true,"href":"https:\/\/www.landhaus-wanger.at\/it\/wp-json\/wp\/v2\/comments?post=32"}],"version-history":[{"count":2,"href":"https:\/\/www.landhaus-wanger.at\/it\/wp-json\/wp\/v2\/pages\/32\/revisions"}],"predecessor-version":[{"id":1633,"href":"https:\/\/www.landhaus-wanger.at\/it\/wp-json\/wp\/v2\/pages\/32\/revisions\/1633"}],"up":[{"embeddable":true,"href":"https:\/\/www.landhaus-wanger.at\/it\/wp-json\/wp\/v2\/pages\/229"}],"wp:attachment":[{"href":"https:\/\/www.landhaus-wanger.at\/it\/wp-json\/wp\/v2\/media?parent=32"}],"curies":[{"name":"wp","href":"https:\/\/api.w.org\/{rel}","templated":true}]}}