

{"id":37,"date":"2014-11-05T17:56:52","date_gmt":"2014-11-05T15:56:52","guid":{"rendered":"http:\/\/www.landhaus-wanger.at\/?page_id=37"},"modified":"2023-02-26T16:02:25","modified_gmt":"2023-02-26T14:02:25","slug":"ferienhaus-haus-weyer","status":"publish","type":"page","link":"https:\/\/www.landhaus-wanger.at\/cs\/unterkuenfte\/rekreacni-dum-weyer-chalupa-apartmany-wanger\/","title":{"rendered":"Rekrea\u010dn\u00ed d\u016fm ve Weyeru \u2013 V\u00e1\u0161 domov na slune\u010dn\u00e9 stran\u011b Alp"},"content":{"rendered":"<p>Rekrea\u010dn\u00ed d\u016fm ve Weyeru le\u017e\u00ed na slune\u010dn\u00e9 stran\u011b Kitzb\u00fchelsk\u00fdch Alp mezi Neukirchenem a Brambergem. Ze slunn\u00e9 terasy, zahrady \u010di balkonu se m\u016f\u017eete pot\u011b\u0161it n\u00e1dhern\u00fdm v\u00fdhledem na horsk\u00fd masiv n\u00e1rodn\u00edho parku Vysok\u00e9 Taury.<\/p>\n<p>Vzd\u00e1lenost do centra Brambergu je pouh\u00fdch 1,5 km. Do Neukirchenu je to necel\u00fdch 5 minut autem nebo ve\u0159ejnou dopravou (vzd\u00e1lenost 3km).<\/p>\n<p>Rekrea\u010dn\u00ed d\u016fm nab\u00edz\u00ed na plo\u0161e 120m\u00b2 m\u00edsto a\u017e pro 9 osob, roz\u010dlen\u011bn\u00fdch takto:<\/p>\n<ul>\n<li>vstupn\u00ed hala se \u0161atnou a stojanem na ly\u017ee<\/li>\n<li>kuchy\u0148 s\u00a0my\u010dkou, spor\u00e1kem se sklokeramickou deskou a vestavnou troubou, k\u00e1vovarem, rychlovarnou konvic\u00ed a mikrovlnnou troubouob\u00fdvac\u00ed pokoj s\u00a0pohodlnou pohovkou, satelitn\u00ed TV, j\u00eddeln\u00edm koutem a vstupem na terasu a do zahrady.<\/li>\n<\/ul>\n<p>V\u00a0prvn\u00edm pat\u0159e se nach\u00e1z\u00ed:<\/p>\n<ul>\n<li>dva pokoje s\u00a0man\u017eelskou postel\u00ed<\/li>\n<li>jednol\u016f\u017ekov\u00fd pokoj<\/li>\n<li>koupelna s\u00a0WC a velkou vanou.<\/li>\n<\/ul>\n<p>V\u00a0podkrov\u00ed, ve velk\u00e9 m\u00edstnosti se \u0161ikmou st\u0159echou a \u010dty\u0159mi l\u016f\u017eky se c\u00edt\u00ed p\u0159edev\u0161\u00edm d\u011bti velice p\u0159\u00edjemn\u011b. Samoz\u0159ejm\u011b je tu k\u00a0dispozici je\u0161t\u011b druh\u00e1 koupelna se sprchou a samostatn\u00fdm WC, proto\u017ee komu by se cht\u011blo st\u00e1t ve front\u011b po n\u00e1ro\u010dn\u00e9m dni na hor\u00e1ch.<\/p>\n<p>Parkovac\u00ed m\u00edsta jsou p\u0159\u00edmo p\u0159ed domem a m\u016f\u017eeme dokonce nab\u00eddnout i kryt\u00e1 st\u00e1n\u00ed. Na p\u0159\u00e1n\u00ed na\u0161ich host\u016f jsme nyn\u00ed nechali v\u00a0dom\u011b nainstalovat internetov\u00e9 p\u0159ipojen\u00ed.<\/p>\n<p>Tak\u017ee nezapomenuteln\u00e9mu pobytu ve zcela soukrom\u00e9 atmosf\u00e9\u0159e ji\u017e nic nestoj\u00ed v\u00a0cest\u011b!<\/p>\n<p>&nbsp;<\/p>\n","protected":false},"excerpt":{"rendered":"Rekrea\u010dn\u00ed d\u016fm ve Weyeru le\u017e\u00ed na slune\u010dn\u00e9 stran\u011b Kitzb\u00fchelsk\u00fdch Alp mezi Neukirchenem a Brambergem. Ze slunn\u00e9 terasy, zahrady \u010di balkonu se m\u016f\u017eete pot\u011b\u0161it n\u00e1dhern\u00fdm v\u00fdhledem na horsk\u00fd masiv n\u00e1rodn\u00edho parku Vysok\u00e9 Taury. Vzd\u00e1lenost do centra Brambergu je pouh\u00fdch 1,5 km. Do Neukirchenu je to necel\u00fdch 5 minut autem nebo ve\u0159ejnou dopravou (vzd\u00e1lenost 3km). Rekrea\u010dn\u00ed d\u016fm&#8230; <a class=\"view-article\" href=\"https:\/\/www.landhaus-wanger.at\/cs\/unterkuenfte\/rekreacni-dum-weyer-chalupa-apartmany-wanger\/\">View Article<\/a>","protected":false},"author":2,"featured_media":0,"parent":229,"menu_order":3,"comment_status":"open","ping_status":"closed","template":"template-unterkunft.php","meta":{"_acf_changed":false,"footnotes":""},"class_list":["post-37","page","type-page","status-publish","hentry"],"acf":[],"_links":{"self":[{"href":"https:\/\/www.landhaus-wanger.at\/cs\/wp-json\/wp\/v2\/pages\/37","targetHints":{"allow":["GET"]}}],"collection":[{"href":"https:\/\/www.landhaus-wanger.at\/cs\/wp-json\/wp\/v2\/pages"}],"about":[{"href":"https:\/\/www.landhaus-wanger.at\/cs\/wp-json\/wp\/v2\/types\/page"}],"author":[{"embeddable":true,"href":"https:\/\/www.landhaus-wanger.at\/cs\/wp-json\/wp\/v2\/users\/2"}],"replies":[{"embeddable":true,"href":"https:\/\/www.landhaus-wanger.at\/cs\/wp-json\/wp\/v2\/comments?post=37"}],"version-history":[{"count":0,"href":"https:\/\/www.landhaus-wanger.at\/cs\/wp-json\/wp\/v2\/pages\/37\/revisions"}],"up":[{"embeddable":true,"href":"https:\/\/www.landhaus-wanger.at\/cs\/wp-json\/wp\/v2\/pages\/229"}],"wp:attachment":[{"href":"https:\/\/www.landhaus-wanger.at\/cs\/wp-json\/wp\/v2\/media?parent=37"}],"curies":[{"name":"wp","href":"https:\/\/api.w.org\/{rel}","templated":true}]}}