

{"id":35,"date":"2014-11-05T17:56:38","date_gmt":"2014-11-05T15:56:38","guid":{"rendered":"http:\/\/www.landhaus-wanger.at\/?page_id=35"},"modified":"2023-02-27T12:35:06","modified_gmt":"2023-02-27T10:35:06","slug":"landhaus-wanger","status":"publish","type":"page","link":"https:\/\/www.landhaus-wanger.at\/cs\/unterkuenfte\/chalupa-apartmany-wanger\/","title":{"rendered":"Venkovsk\u00fd d\u016fm Wanger \u2013 skromn\u00fd luxus v kombinaci se sympatickou tradic\u00ed"},"content":{"rendered":"<p>Tradi\u010dn\u00ed rakousk\u00fd styl, vkusn\u011b za\u0159\u00edzen\u00e9 pokoje s v\u016fn\u00ed borovicov\u00e9ho d\u0159eva \u2013 to je na\u0161e Venkovsk\u00fd d\u016fm Wanger. Obytn\u00e1 plocha 150m\u00b2 s terasou a zahradou je ide\u00e1ln\u00ed a\u017e pro 8 osob a to uprost\u0159ed centra Neukirchenu. Pokud pat\u0159\u00edte k lidem, kte\u0159\u00ed b\u011bhem dovolen\u00e9 nech\u00e1vaj\u00ed r\u00e1di sv\u00e9 auto odstaven\u00e9, tak V\u00e1s jist\u011b pot\u011b\u0161\u00ed, \u017ee jak ke stanici lanovky, tak do bar\u016f, restaurac\u00ed a supermarket\u016f apod. se dostanete pohodln\u011b p\u011b\u0161ky.<\/p>\n<p>V\u00a0p\u0159\u00edzem\u00ed romantick\u00e9 chalupy se nach\u00e1z\u00ed:<\/p>\n<ul>\n<li>samostatn\u00e1 vstupn\u00ed hala se \u0161atnou<\/li>\n<li>mal\u00e1 kuchy\u0148 s\u00a0kamny a troubou, lednic\u00ed, k\u00e1vovarem, myckou, rychlovarnou konvic\u00ed a mikrovlnnou troubou<\/li>\n<li>k\u00a0tomu vhodn\u00fd j\u00eddeln\u00ed kout zhotoven\u00fd z\u00a0von\u00edc\u00ed borovice<\/li>\n<li>velk\u00fd ob\u00fdvac\u00ed pokoj s\u00a0lavic\u00ed u kamen, rozkl\u00e1dac\u00ed pohovka, kabelov\u00e1 TV, CD p\u0159ehr\u00e1va\u010d a v\u00fdchod na l\u00e1kavou terasu<\/li>\n<li>koupelna s\u00a0v\u00ed\u0159ivou vanou, sprchou, umyvadlem a bidetem<\/li>\n<li>samostatn\u00e9 WC.<\/li>\n<\/ul>\n<p>Po d\u0159ev\u011bn\u00e9m schodi\u0161ti v\u00a0hale se dostanete do \u201espac\u00edho r\u00e1je\u201c a m\u016f\u017eete si zde vybrat:<\/p>\n<ul>\n<li>velk\u00e1 lo\u017enice s\u00a0man\u017eelskou postel\u00ed, vestav\u011bnou sk\u0159\u00edn\u00ed a malou pohovkou a p\u0159\u00edstupem na ji\u017en\u011b orientovan\u00fd balkon<\/li>\n<li>dv\u011b mal\u00e9, \u00fatuln\u00e9 lo\u017enice s\u00a0man\u017eelskou postel\u00ed<\/li>\n<li>jednol\u016f\u017ekov\u00fd pokoj.<\/li>\n<\/ul>\n<p>Samoz\u0159ejm\u011b najdete v\u00a0prvn\u00edm pat\u0159e tak\u00e9 druhou koupelnu se sprchou, umyvadlem a WC. Tak\u00e9 alergici se budou c\u00edtit v\u00a0na\u0161\u00ed chalup\u011b velice p\u0159\u00edjemn\u011b. Parkov\u00e1n\u00ed je na p\u0159\u00edjezdov\u00e9 cest\u011b. Pokud si budete p\u0159\u00e1t, m\u016f\u017eete m\u00edt WiFi p\u0159ipojen\u00ed. A ke sn\u00eddani V\u00e1m p\u0159iveze ka\u017ed\u00e9 r\u00e1no n\u00e1\u0161 m\u00edstn\u00ed peka\u0159 \u010derstv\u00e9 pe\u010divo a\u017e k\u00a0Va\u0161im dve\u0159\u00edm.<\/p>\n<p>Dop\u0159ejte si tento skromn\u00fd luxus a u\u017eijte si zaslou\u017eenou dovolenou u n\u00e1s na chalup\u011b se sv\u00fdmi bl\u00edzk\u00fdmi.<\/p>\n","protected":false},"excerpt":{"rendered":"Tradi\u010dn\u00ed rakousk\u00fd styl, vkusn\u011b za\u0159\u00edzen\u00e9 pokoje s v\u016fn\u00ed borovicov\u00e9ho d\u0159eva \u2013 to je na\u0161e Venkovsk\u00fd d\u016fm Wanger. Obytn\u00e1 plocha 150m\u00b2 s terasou a zahradou je ide\u00e1ln\u00ed a\u017e pro 8 osob a to uprost\u0159ed centra Neukirchenu. Pokud pat\u0159\u00edte k lidem, kte\u0159\u00ed b\u011bhem dovolen\u00e9 nech\u00e1vaj\u00ed r\u00e1di sv\u00e9 auto odstaven\u00e9, tak V\u00e1s jist\u011b pot\u011b\u0161\u00ed, \u017ee jak ke stanici&#8230; <a class=\"view-article\" href=\"https:\/\/www.landhaus-wanger.at\/cs\/unterkuenfte\/chalupa-apartmany-wanger\/\">View Article<\/a>","protected":false},"author":2,"featured_media":175,"parent":229,"menu_order":2,"comment_status":"open","ping_status":"closed","template":"template-unterkunft.php","meta":{"_acf_changed":false,"footnotes":""},"class_list":["post-35","page","type-page","status-publish","has-post-thumbnail","hentry"],"acf":[],"_links":{"self":[{"href":"https:\/\/www.landhaus-wanger.at\/cs\/wp-json\/wp\/v2\/pages\/35","targetHints":{"allow":["GET"]}}],"collection":[{"href":"https:\/\/www.landhaus-wanger.at\/cs\/wp-json\/wp\/v2\/pages"}],"about":[{"href":"https:\/\/www.landhaus-wanger.at\/cs\/wp-json\/wp\/v2\/types\/page"}],"author":[{"embeddable":true,"href":"https:\/\/www.landhaus-wanger.at\/cs\/wp-json\/wp\/v2\/users\/2"}],"replies":[{"embeddable":true,"href":"https:\/\/www.landhaus-wanger.at\/cs\/wp-json\/wp\/v2\/comments?post=35"}],"version-history":[{"count":3,"href":"https:\/\/www.landhaus-wanger.at\/cs\/wp-json\/wp\/v2\/pages\/35\/revisions"}],"predecessor-version":[{"id":1706,"href":"https:\/\/www.landhaus-wanger.at\/cs\/wp-json\/wp\/v2\/pages\/35\/revisions\/1706"}],"up":[{"embeddable":true,"href":"https:\/\/www.landhaus-wanger.at\/cs\/wp-json\/wp\/v2\/pages\/229"}],"wp:featuredmedia":[{"embeddable":true,"href":"https:\/\/www.landhaus-wanger.at\/cs\/wp-json\/wp\/v2\/media\/175"}],"wp:attachment":[{"href":"https:\/\/www.landhaus-wanger.at\/cs\/wp-json\/wp\/v2\/media?parent=35"}],"curies":[{"name":"wp","href":"https:\/\/api.w.org\/{rel}","templated":true}]}}