

{"id":32,"date":"2014-11-05T17:55:00","date_gmt":"2014-11-05T15:55:00","guid":{"rendered":"http:\/\/www.landhaus-wanger.at\/?page_id=32"},"modified":"2023-02-27T10:21:18","modified_gmt":"2023-02-27T08:21:18","slug":"ferienwohnungen-wanger","status":"publish","type":"page","link":"https:\/\/www.landhaus-wanger.at\/cs\/unterkuenfte\/apartmany-wanger\/","title":{"rendered":"Apartm\u00e1ny"},"content":{"rendered":"<p>Na\u0161e apartm\u00e1ny nab\u00edz\u00ed \u00fatuln\u00e9 ubytov\u00e1n\u00ed v\u00a0obci Neukirchen am Gro\u00dfvenediger &#8211; bl\u00edzko centra, ale daleko od v\u0161ech hlavn\u00edch komunikac\u00ed. Ide\u00e1ln\u00ed pro v\u0161echny, kte\u0159\u00ed se nechaj\u00ed r\u00e1di budit rann\u00edm \u0161vito\u0159en\u00edm pt\u00e1k\u016f m\u00edsto hlukem aut. Pro v\u0161echny, kte\u0159\u00ed miluj\u00ed lesy a louky, dlouh\u00e9 proch\u00e1zky p\u0159\u00edrodou, kter\u00e1 se nach\u00e1z\u00ed rovnou za domovn\u00edmi dve\u0159mi. Pro v\u0161echny, kte\u0159\u00ed za tepl\u00fdch letn\u00edch ve\u010der\u016f r\u00e1di relaxuj\u00ed na balkon\u011b. A samoz\u0159ejm\u011b tak\u00e9 ide\u00e1ln\u00ed pro v\u0161echny zimn\u00ed sportovce, ly\u017ea\u0159e a snowboardisty, kte\u0159\u00ed mohou po dojezdu z\u00a0Wildkogelu za pouh\u00e9 2 minuty doj\u00edt v\u00a0ly\u017e\u00e1k\u00e1ch a\u017e dom\u016f.<\/p>\n<p>V\u0161echny t\u0159i apartm\u00e1ny jsou 100% hypoalergenn\u00ed a skl\u00e1daj\u00ed se ze:<\/p>\n<ul>\n<li>samostatn\u00e1 lo\u017enice a obytn\u00e1 m\u00edstnost<\/li>\n<li>kuchyn\u011b<\/li>\n<li>koupelna a samostatn\u00e9 WC<\/li>\n<li>balkon na jih, ze kter\u00e9ho si host\u00e9 mohou vychutnat n\u00e1dhern\u00fd v\u00fdhled na Vysok\u00e9 Taury<\/li>\n<li>internet a kabelov\u00e1 televize<\/li>\n<\/ul>\n<p>V\u00a0p\u0159\u00edzem\u00ed, p\u0159\u00edmo u vchodu je k\u00a0dispozici ly\u017e\u00e1rna s\u00a0vysou\u0161e\u010dem obuvi, tak\u017ee brzy r\u00e1no, kdy m\u016f\u017ee b\u00fdt je\u0161t\u011b docela chladno, vklouznete rovnou do such\u00fdch a p\u0159\u00edjemn\u011b vyh\u0159\u00e1t\u00fdch bot.<\/p>\n<p>Tak\u00e9 motocyklist\u00e9, cyklist\u00e9, milovn\u00edci tauernsk\u00fdch, horsk\u00fdch cyklostezek jsou u n\u00e1s v\u017edy srde\u010dn\u011b v\u00edt\u00e1ni. Jejich milovan\u00e1 kola budou bezpe\u010dn\u00e9 uschov\u00e1na a auta bezpe\u010dn\u011b zaparkov\u00e1na.<\/p>\n<p>Apartm\u00e1n <a href=\"https:\/\/www.landhaus-wanger.at\/cs\/appartements\/apartman-maly-1\/\">jedna<\/a>, <a href=\"https:\/\/www.landhaus-wanger.at\/cs\/appartements\/apartman-stredni-2\/\">dva <\/a>nebo <a href=\"https:\/\/www.landhaus-wanger.at\/cs\/appartements\/apartman-velky-3\/\">t\u0159i <\/a>\u2013 kter\u00fd m\u016f\u017ee b\u00fdt pro V\u00e1s?<\/p>\n","protected":false},"excerpt":{"rendered":"Na\u0161e apartm\u00e1ny nab\u00edz\u00ed \u00fatuln\u00e9 ubytov\u00e1n\u00ed v\u00a0obci Neukirchen am Gro\u00dfvenediger &#8211; bl\u00edzko centra, ale daleko od v\u0161ech hlavn\u00edch komunikac\u00ed. Ide\u00e1ln\u00ed pro v\u0161echny, kte\u0159\u00ed se nechaj\u00ed r\u00e1di budit rann\u00edm \u0161vito\u0159en\u00edm pt\u00e1k\u016f m\u00edsto hlukem aut. Pro v\u0161echny, kte\u0159\u00ed miluj\u00ed lesy a louky, dlouh\u00e9 proch\u00e1zky p\u0159\u00edrodou, kter\u00e1 se nach\u00e1z\u00ed rovnou za domovn\u00edmi dve\u0159mi. Pro v\u0161echny, kte\u0159\u00ed za tepl\u00fdch letn\u00edch&#8230; <a class=\"view-article\" href=\"https:\/\/www.landhaus-wanger.at\/cs\/unterkuenfte\/apartmany-wanger\/\">View Article<\/a>","protected":false},"author":2,"featured_media":0,"parent":229,"menu_order":1,"comment_status":"open","ping_status":"closed","template":"template-unterkunft.php","meta":{"_acf_changed":false,"footnotes":""},"class_list":["post-32","page","type-page","status-publish","hentry"],"acf":[],"_links":{"self":[{"href":"https:\/\/www.landhaus-wanger.at\/cs\/wp-json\/wp\/v2\/pages\/32","targetHints":{"allow":["GET"]}}],"collection":[{"href":"https:\/\/www.landhaus-wanger.at\/cs\/wp-json\/wp\/v2\/pages"}],"about":[{"href":"https:\/\/www.landhaus-wanger.at\/cs\/wp-json\/wp\/v2\/types\/page"}],"author":[{"embeddable":true,"href":"https:\/\/www.landhaus-wanger.at\/cs\/wp-json\/wp\/v2\/users\/2"}],"replies":[{"embeddable":true,"href":"https:\/\/www.landhaus-wanger.at\/cs\/wp-json\/wp\/v2\/comments?post=32"}],"version-history":[{"count":2,"href":"https:\/\/www.landhaus-wanger.at\/cs\/wp-json\/wp\/v2\/pages\/32\/revisions"}],"predecessor-version":[{"id":1633,"href":"https:\/\/www.landhaus-wanger.at\/cs\/wp-json\/wp\/v2\/pages\/32\/revisions\/1633"}],"up":[{"embeddable":true,"href":"https:\/\/www.landhaus-wanger.at\/cs\/wp-json\/wp\/v2\/pages\/229"}],"wp:attachment":[{"href":"https:\/\/www.landhaus-wanger.at\/cs\/wp-json\/wp\/v2\/media?parent=32"}],"curies":[{"name":"wp","href":"https:\/\/api.w.org\/{rel}","templated":true}]}}