

{"id":280,"date":"2014-12-22T18:53:14","date_gmt":"2014-12-22T16:53:14","guid":{"rendered":"http:\/\/www.landhaus-wanger.at\/?page_id=280"},"modified":"2026-04-04T10:21:26","modified_gmt":"2026-04-04T08:21:26","slug":"preise","status":"publish","type":"page","link":"https:\/\/www.landhaus-wanger.at\/cs\/ceny\/","title":{"rendered":"Ceny"},"content":{"rendered":"<table class=\"preise\">\n<tbody>\n<tr>\n<td>&nbsp;<\/td>\n<td>\n<h3>Zimn\u00ed 2025\/26<\/h3>\n<\/td>\n<td>\n<h3>L\u00e9to 2026<\/h3>\n<\/td>\n<\/tr>\n<tr class=\"borderBT heading\">\n<td>&nbsp;<\/td>\n<td><strong>15.12.2025 &#8211;<br \/>\n12.04.2026<\/strong><\/td>\n<td><strong>01.05.2026 &#8211;<br \/>\n31.10.2026*<br \/>\n<\/strong><\/td>\n<td>&nbsp;<\/td>\n<\/tr>\n<tr>\n<td>\n<h4>Pr\u00e1zdninov\u00fd byt mal\u00fd<\/h4>\n<\/td>\n<td>od 130 EUR<\/td>\n<td>od 120 EUR<\/td>\n<\/tr>\n<tr>\n<td>\n<h4>Pr\u00e1zdninov\u00fd byt st\u0159edn\u00ed<\/h4>\n<\/td>\n<td>od 150 EUR<\/td>\n<td>od 130 EUR<\/td>\n<\/tr>\n<tr>\n<td>\n<h4>Pr\u00e1zdninov\u00fd byt velk\u00fd<\/h4>\n<\/td>\n<td>od 220 EUR<\/td>\n<td>od 170 EUR<\/td>\n<\/tr>\n<tr>\n<td>\n<h4>Venkovsk\u00fd d\u016fm<\/h4>\n<\/td>\n<td>od 400 EUR<\/td>\n<td>od 400 EUR<\/td>\n<\/tr>\n<tr>\n<td>&nbsp;<\/td>\n<td>&nbsp;<\/td>\n<td>&nbsp;<\/td>\n<\/tr>\n<\/tbody>\n<\/table>\n<table class=\"preise fussnoten\">\n<tbody>\n<tr>\n<td>&#8230;<\/td>\n<td>V\u0161echny ceny jsou uvedeny za ubytov\u00e1n\u00ed a den, v\u010detn\u011b DPH a 3 EUR m\u00edstn\u00edho poplatku za osobu a den.<\/td>\n<\/tr>\n<tr>\n<td>&nbsp;<\/td>\n<td>N\u00e1klady na z\u00e1v\u011bre\u010dn\u00fd \u00faklid jednor\u00e1zov\u011b 60 EUR (rekrea\u010dn\u00ed byty) nebo 200 EUR (venkovsk\u00fd d\u016fm).<\/td>\n<\/tr>\n<tr>\n<td>*<\/td>\n<td>Ceny v\u010detn\u011b letn\u00ed karty n\u00e1rodn\u00edho parku Mobile. S touto kartou z\u00edsk\u00e1te voln\u00fd nebo zlevn\u011bn\u00fd vstup do mnoha v\u00fdletn\u00edch c\u00edl\u016f a pr\u00e1zdninov\u00fdch atrakc\u00ed. V\u00edce informac\u00ed naleznete v sekci <a href=\"http:\/\/www.nationalpark-sommercard.at\" target=\"_blank\" rel=\"noopener\">www.nationalpark-sommercard.at<\/a><\/td>\n<\/tr>\n<\/tbody>\n<\/table>\n","protected":false},"excerpt":{"rendered":"&nbsp; Zimn\u00ed 2025\/26 L\u00e9to 2026 &nbsp; 15.12.2025 &#8211; 12.04.2026 01.05.2026 &#8211; 31.10.2026* &nbsp; Pr\u00e1zdninov\u00fd byt mal\u00fd od 130 EUR od 120 EUR Pr\u00e1zdninov\u00fd byt st\u0159edn\u00ed od 150 EUR od 130 EUR Pr\u00e1zdninov\u00fd byt velk\u00fd od 220 EUR od 170 EUR Venkovsk\u00fd d\u016fm od 400 EUR od 400 EUR &nbsp; &nbsp; &nbsp; &#8230; V\u0161echny ceny jsou&#8230; <a class=\"view-article\" href=\"https:\/\/www.landhaus-wanger.at\/cs\/ceny\/\">View Article<\/a>","protected":false},"author":2,"featured_media":0,"parent":0,"menu_order":0,"comment_status":"open","ping_status":"closed","template":"template-content.php","meta":{"_acf_changed":false,"footnotes":""},"class_list":["post-280","page","type-page","status-publish","hentry"],"acf":[],"_links":{"self":[{"href":"https:\/\/www.landhaus-wanger.at\/cs\/wp-json\/wp\/v2\/pages\/280","targetHints":{"allow":["GET"]}}],"collection":[{"href":"https:\/\/www.landhaus-wanger.at\/cs\/wp-json\/wp\/v2\/pages"}],"about":[{"href":"https:\/\/www.landhaus-wanger.at\/cs\/wp-json\/wp\/v2\/types\/page"}],"author":[{"embeddable":true,"href":"https:\/\/www.landhaus-wanger.at\/cs\/wp-json\/wp\/v2\/users\/2"}],"replies":[{"embeddable":true,"href":"https:\/\/www.landhaus-wanger.at\/cs\/wp-json\/wp\/v2\/comments?post=280"}],"version-history":[{"count":10,"href":"https:\/\/www.landhaus-wanger.at\/cs\/wp-json\/wp\/v2\/pages\/280\/revisions"}],"predecessor-version":[{"id":1840,"href":"https:\/\/www.landhaus-wanger.at\/cs\/wp-json\/wp\/v2\/pages\/280\/revisions\/1840"}],"wp:attachment":[{"href":"https:\/\/www.landhaus-wanger.at\/cs\/wp-json\/wp\/v2\/media?parent=280"}],"curies":[{"name":"wp","href":"https:\/\/api.w.org\/{rel}","templated":true}]}}