

{"id":13,"date":"2014-11-05T16:07:14","date_gmt":"2014-11-05T14:07:14","guid":{"rendered":"http:\/\/www.landhaus-wanger.at\/?page_id=13"},"modified":"2023-02-27T12:56:10","modified_gmt":"2023-02-27T10:56:10","slug":"kontakt","status":"publish","type":"page","link":"https:\/\/www.landhaus-wanger.at\/cs\/kontakt\/","title":{"rendered":"Kontakt\/p\u0159\u00edjezd"},"content":{"rendered":"\n<h3 class=\"wp-block-heading\">Landhaus Wanger<\/h3>\n\n\n\n<p>Familie Wilma &amp; Johann Wanger<\/p>\n\n\n\n<p>K\u00fchnreitgasse 399<br>5741 Neukirchen am Gro\u00dfvenediger<\/p>\n\n\n\n<p>Tel: &nbsp;<a href=\"tel:+4369911411912\">+43&nbsp;699 114 119 12<\/a><br>Fax:&nbsp;<a href=\"tel:+4365656443\">+43 6565 6443<\/a><\/p>\n\n\n\n<p><a href=\"mailto:info@landhaus-wanger.at\">info@landhaus-wanger.at<br><\/a><a href=\"https:\/\/www.landhaus-wanger.at\">www.landhaus-wanger.at<\/a><\/p>\n\n\n\n<p><strong>Mo\u017enosti cestov\u00e1n\u00ed<\/strong><\/p>\n\n\n\n<ul class=\"wp-block-list\">\n<li>P\u0159es Salzburg: A10 Tauernsk\u00e1 d\u00e1lnice ke sjezdu Bischofshofen &#8211; B311 do Zell am See &#8211; B168 do Mittersill &#8211; B165 do Neukirchen am Gro\u00dfvenediger.<\/li>\n\n\n\n<li>P\u0159es Mnichov: B161 do Mittersillu &#8211; B165 do Neukirchenu am Gro\u00dfvenediger &#8211; A8 Mnichov &#8211; Salzburg &#8211; Rosenheim &#8211; A12 Inntalsk\u00e1 d\u00e1lnice na sjezd Kufstein West &#8211; B173 do S\u00f6llu &#8211; B178 do St.<\/li>\n\n\n\n<li>P\u0159es Innsbruck: d\u00e1lnice A12 Inntal ke sjezdu Wiesing &#8211; B169 do Zell am Ziller &#8211; B165 do Neukirchen am Gro\u00dfvenediger.<\/li>\n<\/ul>\n","protected":false},"excerpt":{"rendered":"Landhaus Wanger Familie Wilma &amp; Johann Wanger K\u00fchnreitgasse 3995741 Neukirchen am Gro\u00dfvenediger Tel: &nbsp;+43&nbsp;699 114 119 12Fax:&nbsp;+43 6565 6443 info@landhaus-wanger.atwww.landhaus-wanger.at Mo\u017enosti cestov\u00e1n\u00ed P\u0159es Salzburg: A10 Tauernsk\u00e1 d\u00e1lnice ke sjezdu Bischofshofen &#8211; B311 do Zell am See &#8211; B168 do Mittersill &#8211; B165 do Neukirchen am Gro\u00dfvenediger. P\u0159es Mnichov: B161 do Mittersillu &#8211; B165 do Neukirchenu&#8230; <a class=\"view-article\" href=\"https:\/\/www.landhaus-wanger.at\/cs\/kontakt\/\">View Article<\/a>","protected":false},"author":2,"featured_media":0,"parent":0,"menu_order":0,"comment_status":"open","ping_status":"open","template":"template-kontakt.php","meta":{"_acf_changed":false,"footnotes":""},"class_list":["post-13","page","type-page","status-publish","hentry"],"acf":[],"_links":{"self":[{"href":"https:\/\/www.landhaus-wanger.at\/cs\/wp-json\/wp\/v2\/pages\/13","targetHints":{"allow":["GET"]}}],"collection":[{"href":"https:\/\/www.landhaus-wanger.at\/cs\/wp-json\/wp\/v2\/pages"}],"about":[{"href":"https:\/\/www.landhaus-wanger.at\/cs\/wp-json\/wp\/v2\/types\/page"}],"author":[{"embeddable":true,"href":"https:\/\/www.landhaus-wanger.at\/cs\/wp-json\/wp\/v2\/users\/2"}],"replies":[{"embeddable":true,"href":"https:\/\/www.landhaus-wanger.at\/cs\/wp-json\/wp\/v2\/comments?post=13"}],"version-history":[{"count":4,"href":"https:\/\/www.landhaus-wanger.at\/cs\/wp-json\/wp\/v2\/pages\/13\/revisions"}],"predecessor-version":[{"id":1720,"href":"https:\/\/www.landhaus-wanger.at\/cs\/wp-json\/wp\/v2\/pages\/13\/revisions\/1720"}],"wp:attachment":[{"href":"https:\/\/www.landhaus-wanger.at\/cs\/wp-json\/wp\/v2\/media?parent=13"}],"curies":[{"name":"wp","href":"https:\/\/api.w.org\/{rel}","templated":true}]}}