

{"id":1280,"date":"2023-02-24T16:25:12","date_gmt":"2023-02-24T14:25:12","guid":{"rendered":"http:\/\/www.landhaus-wanger.at\/?page_id=1280"},"modified":"2023-02-27T11:08:23","modified_gmt":"2023-02-27T09:08:23","slug":"nationalpark-sommercard-2","status":"publish","type":"page","link":"https:\/\/www.landhaus-wanger.at\/cs\/nationalpark-sommercard\/","title":{"rendered":"Nationalpark SommerCard"},"content":{"rendered":"\n<p>F\u00fcr unsere G\u00e4ste ist die Nationalpark SommerCard im Sommerpreis inbegriffen und damit kostenlos!<br>T\u00e4glich kann eine von mehr als 60 Attraktionen wie Sehensw\u00fcrdigkeiten, Museen, Naturschauspiele, Bergbahnen, Freizeitanlagen und Sportanlagen kostenlos besichtigt bzw. genutzt werden. Die kostenlose Nutzung der \u00f6ffentlichen Verkehrnsmittel sowie ein Tageseintritt zur Erlebniswelt Gro\u00dfglockner Hochalpenstra\u00dfe und ein Tagesticket f\u00fcr die Gerlos Alpenstra\u00dfe sind inkludiert.<br><a rel=\"noreferrer noopener\" href=\"https:\/\/www.nationalpark-sommercard.at\/\" target=\"_blank\">Mehr Informationen<\/a><\/p>\n","protected":false},"excerpt":{"rendered":"F\u00fcr unsere G\u00e4ste ist die Nationalpark SommerCard im Sommerpreis inbegriffen und damit kostenlos!T\u00e4glich kann eine von mehr als 60 Attraktionen wie Sehensw\u00fcrdigkeiten, Museen, Naturschauspiele, Bergbahnen, Freizeitanlagen und Sportanlagen kostenlos besichtigt bzw. genutzt werden. Die kostenlose Nutzung der \u00f6ffentlichen Verkehrnsmittel sowie ein Tageseintritt zur Erlebniswelt Gro\u00dfglockner Hochalpenstra\u00dfe und ein Tagesticket f\u00fcr die Gerlos Alpenstra\u00dfe sind inkludiert.Mehr&#8230; <a class=\"view-article\" href=\"https:\/\/www.landhaus-wanger.at\/cs\/nationalpark-sommercard\/\">View Article<\/a>","protected":false},"author":5,"featured_media":0,"parent":0,"menu_order":0,"comment_status":"closed","ping_status":"closed","template":"template-npcard.php","meta":{"_acf_changed":false,"footnotes":""},"class_list":["post-1280","page","type-page","status-publish","hentry"],"acf":[],"_links":{"self":[{"href":"https:\/\/www.landhaus-wanger.at\/cs\/wp-json\/wp\/v2\/pages\/1280","targetHints":{"allow":["GET"]}}],"collection":[{"href":"https:\/\/www.landhaus-wanger.at\/cs\/wp-json\/wp\/v2\/pages"}],"about":[{"href":"https:\/\/www.landhaus-wanger.at\/cs\/wp-json\/wp\/v2\/types\/page"}],"author":[{"embeddable":true,"href":"https:\/\/www.landhaus-wanger.at\/cs\/wp-json\/wp\/v2\/users\/5"}],"replies":[{"embeddable":true,"href":"https:\/\/www.landhaus-wanger.at\/cs\/wp-json\/wp\/v2\/comments?post=1280"}],"version-history":[{"count":2,"href":"https:\/\/www.landhaus-wanger.at\/cs\/wp-json\/wp\/v2\/pages\/1280\/revisions"}],"predecessor-version":[{"id":1703,"href":"https:\/\/www.landhaus-wanger.at\/cs\/wp-json\/wp\/v2\/pages\/1280\/revisions\/1703"}],"wp:attachment":[{"href":"https:\/\/www.landhaus-wanger.at\/cs\/wp-json\/wp\/v2\/media?parent=1280"}],"curies":[{"name":"wp","href":"https:\/\/api.w.org\/{rel}","templated":true}]}}