

{"id":1278,"date":"2023-02-24T16:23:53","date_gmt":"2023-02-24T14:23:53","guid":{"rendered":"http:\/\/www.landhaus-wanger.at\/?page_id=1278"},"modified":"2023-02-27T11:11:42","modified_gmt":"2023-02-27T09:11:42","slug":"winterzauber","status":"publish","type":"page","link":"https:\/\/www.landhaus-wanger.at\/cs\/winterzauber\/","title":{"rendered":"Winterzauber in der Wildkogel-Arena"},"content":{"rendered":"\n<p>Die familienfreundliche Wildkogel-Arena auf 2100 m Seeh\u00f6he garantiert optimale Bedingungen f\u00fcr Skifahrer, Snowboarder, Rodler und Wintersportfans \u2013 75 km perfekt pr\u00e4parierte Pistenkilometer mit 85 % roten und blauen Pisten, zwei Talabfahrten, Kinderbereiche, Funslope, Familypark und nicht zuletzt die l\u00e4ngste beleuchtete Rodelbahn der Welt mit einer L\u00e4nge von unglaublichen 14 km (t\u00e4glich bis 22 Uhr beleuchtet) \u00fcberzeugen. Gem\u00fctliche Skih\u00fctten und Restaurants mit sonnigen Panoramaterrassen laden zum Einkehrschwung. Die Talabfahrt ist nur wenige Meter entfernt, ebenso die Haltestelle f\u00fcr den Gratis-Skibus, der Sie bequem zur Talstation der Bergbahnen Wildkogel bringt.<br>Auch abseits der Pisten hat der Winter in Neukirchen am Gro\u00dfvenediger viel zu bieten. Ob Langlauf, Schneeschuhwanderungen, Skitouren, Pferdeschlittenfahrten, Winterwanderungen, Eislaufen, Wildtierbeobachtungen, u.v.m. \u2013 erleben Sie die herrliche Naturlandschaft. Museen, Hallenb\u00e4der und zahlreiche Ausflugsziele runden das Angebot ab.<\/p>\n","protected":false},"excerpt":{"rendered":"Die familienfreundliche Wildkogel-Arena auf 2100 m Seeh\u00f6he garantiert optimale Bedingungen f\u00fcr Skifahrer, Snowboarder, Rodler und Wintersportfans \u2013 75 km perfekt pr\u00e4parierte Pistenkilometer mit 85 % roten und blauen Pisten, zwei Talabfahrten, Kinderbereiche, Funslope, Familypark und nicht zuletzt die l\u00e4ngste beleuchtete Rodelbahn der Welt mit einer L\u00e4nge von unglaublichen 14 km (t\u00e4glich bis 22 Uhr beleuchtet)&#8230; <a class=\"view-article\" href=\"https:\/\/www.landhaus-wanger.at\/cs\/winterzauber\/\">View Article<\/a>","protected":false},"author":5,"featured_media":0,"parent":0,"menu_order":0,"comment_status":"closed","ping_status":"closed","template":"template-winter.php","meta":{"_acf_changed":false,"footnotes":""},"class_list":["post-1278","page","type-page","status-publish","hentry"],"acf":[],"_links":{"self":[{"href":"https:\/\/www.landhaus-wanger.at\/cs\/wp-json\/wp\/v2\/pages\/1278","targetHints":{"allow":["GET"]}}],"collection":[{"href":"https:\/\/www.landhaus-wanger.at\/cs\/wp-json\/wp\/v2\/pages"}],"about":[{"href":"https:\/\/www.landhaus-wanger.at\/cs\/wp-json\/wp\/v2\/types\/page"}],"author":[{"embeddable":true,"href":"https:\/\/www.landhaus-wanger.at\/cs\/wp-json\/wp\/v2\/users\/5"}],"replies":[{"embeddable":true,"href":"https:\/\/www.landhaus-wanger.at\/cs\/wp-json\/wp\/v2\/comments?post=1278"}],"version-history":[{"count":3,"href":"https:\/\/www.landhaus-wanger.at\/cs\/wp-json\/wp\/v2\/pages\/1278\/revisions"}],"predecessor-version":[{"id":1705,"href":"https:\/\/www.landhaus-wanger.at\/cs\/wp-json\/wp\/v2\/pages\/1278\/revisions\/1705"}],"wp:attachment":[{"href":"https:\/\/www.landhaus-wanger.at\/cs\/wp-json\/wp\/v2\/media?parent=1278"}],"curies":[{"name":"wp","href":"https:\/\/api.w.org\/{rel}","templated":true}]}}