

{"id":1276,"date":"2023-02-24T16:22:34","date_gmt":"2023-02-24T14:22:34","guid":{"rendered":"http:\/\/www.landhaus-wanger.at\/?page_id=1276"},"modified":"2023-02-27T11:10:39","modified_gmt":"2023-02-27T09:10:39","slug":"sommererlebnisse","status":"publish","type":"page","link":"https:\/\/www.landhaus-wanger.at\/cs\/sommererlebnisse\/","title":{"rendered":"Letn\u00ed z\u00e1\u017eitky ve Wildkogel Aren\u011b"},"content":{"rendered":"\n<p>Obec Neukirchen am Gro\u00dfvenediger se nach\u00e1z\u00ed uprost\u0159ed rekrea\u010dn\u00ed oblasti N\u00e1rodn\u00edho parku Vysok\u00e9 Taury v Salcbursku. Je obklopena n\u00e1dhern\u00fdm horsk\u00fdm sv\u011btem Vysok\u00fdch Taur a Kitzb\u00fchelsk\u00fdch Alp a nab\u00edz\u00ed nespo\u010det p\u0159\u00edle\u017eitost\u00ed. Na rozmanit\u00fdch t\u00far\u00e1ch a v\u00fdletech na horsk\u00fdch kolech ve vysokohorsk\u00e9 turistick\u00e9 oblasti Wildkogel, kter\u00e1 je vhodn\u00e1 pro rodiny s d\u011btmi a je snadno dostupn\u00e1 lanovkou, nebo v taursk\u00fdch \u00fadol\u00edch s p\u016fsobiv\u00fdmi v\u00fdhledy na zasn\u011b\u017een\u00e9 t\u0159\u00edtis\u00edcov\u00e9 vrcholy pozn\u00e1te kr\u00e1snou p\u0159\u00edrodn\u00ed krajinu sportovn\u00edm zp\u016fsobem. P\u0159\u00edjemn\u00ed cyklist\u00e9 jezd\u00ed pod\u00e9l Salzachu po Tauernsk\u00e9 cyklostezce. Mlad\u0161\u00ed host\u00e9 se t\u011b\u0161\u00ed na velk\u00e9 dobrodru\u017en\u00e9 h\u0159i\u0161t\u011b, skluzavkovou dr\u00e1hu a dr\u00e1hu pro horsk\u00e9 k\u00e1ry na Wildkogelu. Mnoho v\u00fdletn\u00edch c\u00edl\u016f v okol\u00ed, p\u0159\u00edrodn\u00ed koupac\u00ed jezero, minigolfov\u00e9 h\u0159i\u0161t\u011b a mnoho dal\u0161\u00edho jsou z\u00e1rukou z\u00e1bavy a rozmanitosti pro celou rodinu.<\/p>\n","protected":false},"excerpt":{"rendered":"Obec Neukirchen am Gro\u00dfvenediger se nach\u00e1z\u00ed uprost\u0159ed rekrea\u010dn\u00ed oblasti N\u00e1rodn\u00edho parku Vysok\u00e9 Taury v Salcbursku. Je obklopena n\u00e1dhern\u00fdm horsk\u00fdm sv\u011btem Vysok\u00fdch Taur a Kitzb\u00fchelsk\u00fdch Alp a nab\u00edz\u00ed nespo\u010det p\u0159\u00edle\u017eitost\u00ed. Na rozmanit\u00fdch t\u00far\u00e1ch a v\u00fdletech na horsk\u00fdch kolech ve vysokohorsk\u00e9 turistick\u00e9 oblasti Wildkogel, kter\u00e1 je vhodn\u00e1 pro rodiny s d\u011btmi a je snadno dostupn\u00e1 lanovkou, nebo&#8230; <a class=\"view-article\" href=\"https:\/\/www.landhaus-wanger.at\/cs\/sommererlebnisse\/\">View Article<\/a>","protected":false},"author":5,"featured_media":0,"parent":0,"menu_order":0,"comment_status":"closed","ping_status":"closed","template":"template-sommer.php","meta":{"_acf_changed":false,"footnotes":""},"class_list":["post-1276","page","type-page","status-publish","hentry"],"acf":[],"_links":{"self":[{"href":"https:\/\/www.landhaus-wanger.at\/cs\/wp-json\/wp\/v2\/pages\/1276","targetHints":{"allow":["GET"]}}],"collection":[{"href":"https:\/\/www.landhaus-wanger.at\/cs\/wp-json\/wp\/v2\/pages"}],"about":[{"href":"https:\/\/www.landhaus-wanger.at\/cs\/wp-json\/wp\/v2\/types\/page"}],"author":[{"embeddable":true,"href":"https:\/\/www.landhaus-wanger.at\/cs\/wp-json\/wp\/v2\/users\/5"}],"replies":[{"embeddable":true,"href":"https:\/\/www.landhaus-wanger.at\/cs\/wp-json\/wp\/v2\/comments?post=1276"}],"version-history":[{"count":4,"href":"https:\/\/www.landhaus-wanger.at\/cs\/wp-json\/wp\/v2\/pages\/1276\/revisions"}],"predecessor-version":[{"id":1704,"href":"https:\/\/www.landhaus-wanger.at\/cs\/wp-json\/wp\/v2\/pages\/1276\/revisions\/1704"}],"wp:attachment":[{"href":"https:\/\/www.landhaus-wanger.at\/cs\/wp-json\/wp\/v2\/media?parent=1276"}],"curies":[{"name":"wp","href":"https:\/\/api.w.org\/{rel}","templated":true}]}}